{"id":22830,"date":"2024-02-01T12:27:48","date_gmt":"2024-02-01T11:27:48","guid":{"rendered":"https:\/\/www.plus-de-bulles.com\/blog\/?page_id=22830"},"modified":"2024-02-01T12:27:48","modified_gmt":"2024-02-01T11:27:48","slug":"privacy-policy-1","status":"publish","type":"page","link":"https:\/\/www.plus-de-bulles.com\/blog\/privacy-policy-1\/","title":{"rendered":"Privacy policy"},"content":{"rendered":"<p>[et_pb_section fb_built=\u00a0\u00bb1&Prime; theme_builder_area=\u00a0\u00bbpost_content\u00a0\u00bb _builder_version=\u00a0\u00bb4.23&Prime; _module_preset=\u00a0\u00bbdefault\u00a0\u00bb hover_enabled=\u00a0\u00bb0&Prime; sticky_enabled=\u00a0\u00bb0&Prime;][et_pb_row _builder_version=\u00a0\u00bb4.23&Prime; _module_preset=\u00a0\u00bbdefault\u00a0\u00bb theme_builder_area=\u00a0\u00bbpost_content\u00a0\u00bb hover_enabled=\u00a0\u00bb0&Prime; sticky_enabled=\u00a0\u00bb0&Prime;][et_pb_column _builder_version=\u00a0\u00bb4.23&Prime; _module_preset=\u00a0\u00bbdefault\u00a0\u00bb type=\u00a0\u00bb4_4&Prime; theme_builder_area=\u00a0\u00bbpost_content\u00a0\u00bb][et_pb_text _builder_version=\u00a0\u00bb4.23&Prime; _module_preset=\u00a0\u00bbdefault\u00a0\u00bb theme_builder_area=\u00a0\u00bbpost_content\u00a0\u00bb hover_enabled=\u00a0\u00bb0&Prime; sticky_enabled=\u00a0\u00bb0&Prime; text_font_size=\u00a0\u00bb15px\u00a0\u00bb]<\/p>\n<h2>POLITIQUE DE CONFIDENTIALIT\u00c9<\/h2>\n<p>Cette page a pour objet la description de la politique de confidentialit\u00e9 du site Plus-de-Bulles.com. Notre politique de confidentialit\u00e9 vise \u00e0 prot\u00e9ger les donn\u00e9es personnelles qui sont collect\u00e9es lorsqu\u2019un visiteur se rend sur ce site. Elle d\u00e9crit quelles donn\u00e9es sont collect\u00e9es, comment elles sont prot\u00e9g\u00e9es, avec qui et dans quelles conditions elles sont partag\u00e9es le cas \u00e9ch\u00e9ant. L\u2019objectif principale de cette collecte est d\u2019am\u00e9liorer l\u2019exp\u00e9rience de navigation et d\u2019achat de ses clients et visiteurs.<br \/>Plus de Bulles SARL, immatricul\u00e9e au RCS de Reims sous le num\u00e9ro 497 905 349 est responsable du traitement des donn\u00e9es personnelles des visiteurs de ses sites web.<\/p>\n<p>[\/et_pb_text][et_pb_text _builder_version=\u00a0\u00bb4.23&Prime; _module_preset=\u00a0\u00bbdefault\u00a0\u00bb theme_builder_area=\u00a0\u00bbpost_content\u00a0\u00bb hover_enabled=\u00a0\u00bb0&Prime; sticky_enabled=\u00a0\u00bb0&Prime; text_font_size=\u00a0\u00bb15px\u00a0\u00bb]<\/p>\n<h2>1. Collecte des donn\u00e9es<\/h2>\n<p>Plus de Bulles collecte des donn\u00e9es quand :<\/p>\n<ul>\n<li>vous naviguez sur Plus-de-bulles.com<\/li>\n<li>vous cr\u00e9ez un compte<\/li>\n<li>vous vous inscrivez \u00e0 la newsletter<\/li>\n<li>vous recevez des newsletters<\/li>\n<li>vous choisissez vos pr\u00e9f\u00e9rences newsletters<\/li>\n<li>vous choisissez d&rsquo;\u00eatre alert\u00e9 pour la disponibilit\u00e9 d&rsquo;un produit<\/li>\n<li>vous achetez un produit<\/li>\n<li>vous contactez notre service client<\/li>\n<\/ul>\n<p><span>Nous collectons les donn\u00e9es suivantes :<\/span><\/p>\n<ul>\n<li>Coordonn\u00e9es : civilit\u00e9, nom, pr\u00e9nom, date de naissance, email, adresse postale de livraison et de facturation<\/li>\n<li>Donn\u00e9es de cr\u00e9ation de compte : mot de passe (crypt\u00e9 et impossible \u00e0 voir en clair) et identifiant d\u2019utilisateur<\/li>\n<li>Donn\u00e9es de navigations : horaires de connexions, historique de navigation, mat\u00e9riel et navigateur utilis\u00e9s, informations d\u00e9mographiques<\/li>\n<li>Ouvertures de courriels et clics sur les liens<\/li>\n<li>Historique d&rsquo;achat et donn\u00e9es relatives aux commandes : Dates, produits et quantit\u00e9s command\u00e9es<\/li>\n<\/ul>\n<p>Plus de Bulles collecte \u00e9galement des donn\u00e9es de partenaires comme le suivi de colis fourni par nos transporteurs ou le statut de pr\u00e9paration de commande fournit par notre logisticien.<\/p>\n<p>[\/et_pb_text][et_pb_text _builder_version=\u00a0\u00bb4.23&Prime; _module_preset=\u00a0\u00bbdefault\u00a0\u00bb theme_builder_area=\u00a0\u00bbpost_content\u00a0\u00bb hover_enabled=\u00a0\u00bb0&Prime; sticky_enabled=\u00a0\u00bb0&Prime; text_font_size=\u00a0\u00bb15px\u00a0\u00bb]<\/p>\n<h2>2. Traitement et utilisation des donn\u00e9es<\/h2>\n<ul>\n<li>Nous utilisons vos coordonn\u00e9es postales pour faire parvenir vos produits dans les meilleures conditions ou r\u00e9soudre dans les plus brefs d\u00e9lais d\u2019\u00e9ventuels incidents. Ces informations seront conserv\u00e9es dans le respect des obligations l\u00e9gales et r\u00e9glementaires (facturation, paiements, litiges\u2026etc).<\/li>\n<li>Nous utilisons vos donn\u00e9es de navigation pour am\u00e9liorer et personnaliser votre exp\u00e9rience sur Plus-de-bulles.com. Nous pouvons par exemple vous sugg\u00e9rez des produits li\u00e9s \u00e0 vos pr\u00e9c\u00e9dentes commandes et aux avis donn\u00e9s sur les produits pr\u00e9c\u00e9demment command\u00e9s.<\/li>\n<li>Nous utilisons vos donn\u00e9es pour vous envoyer promotions et newsletters. Nous segmentons nos offres en fonctions de vos donn\u00e9es et votre historique commerciale.<\/li>\n<li>Nous utilisons vos donn\u00e9es de navigation et les agr\u00e9geons avec celle de tous nos visiteurs afin d&rsquo;obtenir des chiffre d&rsquo;audience, de d\u00e9tecter les tendances.<\/li>\n<li>Nous utilisons vos donn\u00e9es pour optimiser la pertinence de nos messages promotionnels en ligne. Nos partenaires publicitaires utilisent une partie des donn\u00e9es de navigation pour diffuser les messages publicitaires uniquement aux contacts ayant navigu\u00e9 sur Plus-de-bulles.com.<\/li>\n<\/ul>\n<p>[\/et_pb_text][\/et_pb_column][\/et_pb_row][\/et_pb_section]<\/p>\n","protected":false},"excerpt":{"rendered":"<p>POLITIQUE DE CONFIDENTIALIT\u00c9 Cette page a pour objet la description de la politique de confidentialit\u00e9 du site Plus-de-Bulles.com. Notre politique de confidentialit\u00e9 vise \u00e0 prot\u00e9ger les donn\u00e9es personnelles qui sont collect\u00e9es lorsqu\u2019un visiteur se rend sur ce site. Elle d\u00e9crit quelles donn\u00e9es sont collect\u00e9es, comment elles sont prot\u00e9g\u00e9es, avec qui et dans quelles conditions elles [&hellip;]<\/p>\n","protected":false},"author":1,"featured_media":0,"parent":0,"menu_order":0,"comment_status":"closed","ping_status":"closed","template":"","meta":{"_et_pb_use_builder":"on","_et_pb_old_content":"","_et_gb_content_width":"","footnotes":""},"yoast_head":"<!-- This site is optimized with the Yoast SEO plugin v20.4 - https:\/\/yoast.com\/wordpress\/plugins\/seo\/ -->\n<title>Privacy policy - Les Conseils Plus de Bulles<\/title>\n<meta name=\"robots\" content=\"index, follow, max-snippet:-1, max-image-preview:large, max-video-preview:-1\" \/>\n<link rel=\"canonical\" href=\"https:\/\/www.plus-de-bulles.com\/blog\/privacy-policy-1\/\" \/>\n<meta property=\"og:locale\" content=\"fr_FR\" \/>\n<meta property=\"og:type\" content=\"article\" \/>\n<meta property=\"og:title\" content=\"Privacy policy - Les Conseils Plus de Bulles\" \/>\n<meta property=\"og:description\" content=\"POLITIQUE DE CONFIDENTIALIT\u00c9 Cette page a pour objet la description de la politique de confidentialit\u00e9 du site Plus-de-Bulles.com. Notre politique de confidentialit\u00e9 vise \u00e0 prot\u00e9ger les donn\u00e9es personnelles qui sont collect\u00e9es lorsqu\u2019un visiteur se rend sur ce site. Elle d\u00e9crit quelles donn\u00e9es sont collect\u00e9es, comment elles sont prot\u00e9g\u00e9es, avec qui et dans quelles conditions elles [&hellip;]\" \/>\n<meta property=\"og:url\" content=\"https:\/\/www.plus-de-bulles.com\/blog\/privacy-policy-1\/\" \/>\n<meta property=\"og:site_name\" content=\"Les Conseils Plus de Bulles\" \/>\n<meta property=\"og:image\" content=\"https:\/\/www.plus-de-bulles.com\/blog\/wp-content\/uploads\/2024\/10\/logo-pdb-full.png\" \/>\n\t<meta property=\"og:image:width\" content=\"300\" \/>\n\t<meta property=\"og:image:height\" content=\"300\" \/>\n\t<meta property=\"og:image:type\" content=\"image\/png\" \/>\n<meta name=\"twitter:card\" content=\"summary_large_image\" \/>\n<script type=\"application\/ld+json\" class=\"yoast-schema-graph\">{\"@context\":\"https:\/\/schema.org\",\"@graph\":[{\"@type\":\"WebPage\",\"@id\":\"https:\/\/www.plus-de-bulles.com\/blog\/privacy-policy-1\/\",\"url\":\"https:\/\/www.plus-de-bulles.com\/blog\/privacy-policy-1\/\",\"name\":\"Privacy policy - Les Conseils Plus de Bulles\",\"isPartOf\":{\"@id\":\"https:\/\/www.plus-de-bulles.com\/blog\/#website\"},\"datePublished\":\"2024-02-01T11:27:48+00:00\",\"dateModified\":\"2024-02-01T11:27:48+00:00\",\"breadcrumb\":{\"@id\":\"https:\/\/www.plus-de-bulles.com\/blog\/privacy-policy-1\/#breadcrumb\"},\"inLanguage\":\"fr-FR\",\"potentialAction\":[{\"@type\":\"ReadAction\",\"target\":[\"https:\/\/www.plus-de-bulles.com\/blog\/privacy-policy-1\/\"]}]},{\"@type\":\"BreadcrumbList\",\"@id\":\"https:\/\/www.plus-de-bulles.com\/blog\/privacy-policy-1\/#breadcrumb\",\"itemListElement\":[{\"@type\":\"ListItem\",\"position\":1,\"name\":\"Accueil\",\"item\":\"https:\/\/www.plus-de-bulles.com\/blog\/\"},{\"@type\":\"ListItem\",\"position\":2,\"name\":\"Privacy policy\"}]},{\"@type\":\"WebSite\",\"@id\":\"https:\/\/www.plus-de-bulles.com\/blog\/#website\",\"url\":\"https:\/\/www.plus-de-bulles.com\/blog\/\",\"name\":\"Les Conseils Plus de Bulles\",\"description\":\"Toute l&#039;actualit\u00e9 du champagne\",\"publisher\":{\"@id\":\"https:\/\/www.plus-de-bulles.com\/blog\/#organization\"},\"potentialAction\":[{\"@type\":\"SearchAction\",\"target\":{\"@type\":\"EntryPoint\",\"urlTemplate\":\"https:\/\/www.plus-de-bulles.com\/blog\/?s={search_term_string}\"},\"query-input\":\"required name=search_term_string\"}],\"inLanguage\":\"fr-FR\"},{\"@type\":\"Organization\",\"@id\":\"https:\/\/www.plus-de-bulles.com\/blog\/#organization\",\"name\":\"Plus de Bulles\",\"url\":\"https:\/\/www.plus-de-bulles.com\/blog\/\",\"logo\":{\"@type\":\"ImageObject\",\"inLanguage\":\"fr-FR\",\"@id\":\"https:\/\/www.plus-de-bulles.com\/blog\/#\/schema\/logo\/image\/\",\"url\":\"https:\/\/www.plus-de-bulles.com\/blog\/wp-content\/uploads\/2024\/10\/logo-pdb-full.png\",\"contentUrl\":\"https:\/\/www.plus-de-bulles.com\/blog\/wp-content\/uploads\/2024\/10\/logo-pdb-full.png\",\"width\":300,\"height\":300,\"caption\":\"Plus de Bulles\"},\"image\":{\"@id\":\"https:\/\/www.plus-de-bulles.com\/blog\/#\/schema\/logo\/image\/\"}}]}<\/script>\n<!-- \/ Yoast SEO plugin. -->","yoast_head_json":{"title":"Privacy policy - Les Conseils Plus de Bulles","robots":{"index":"index","follow":"follow","max-snippet":"max-snippet:-1","max-image-preview":"max-image-preview:large","max-video-preview":"max-video-preview:-1"},"canonical":"https:\/\/www.plus-de-bulles.com\/blog\/privacy-policy-1\/","og_locale":"fr_FR","og_type":"article","og_title":"Privacy policy - Les Conseils Plus de Bulles","og_description":"POLITIQUE DE CONFIDENTIALIT\u00c9 Cette page a pour objet la description de la politique de confidentialit\u00e9 du site Plus-de-Bulles.com. Notre politique de confidentialit\u00e9 vise \u00e0 prot\u00e9ger les donn\u00e9es personnelles qui sont collect\u00e9es lorsqu\u2019un visiteur se rend sur ce site. Elle d\u00e9crit quelles donn\u00e9es sont collect\u00e9es, comment elles sont prot\u00e9g\u00e9es, avec qui et dans quelles conditions elles [&hellip;]","og_url":"https:\/\/www.plus-de-bulles.com\/blog\/privacy-policy-1\/","og_site_name":"Les Conseils Plus de Bulles","og_image":[{"width":300,"height":300,"url":"https:\/\/www.plus-de-bulles.com\/blog\/wp-content\/uploads\/2024\/10\/logo-pdb-full.png","type":"image\/png"}],"twitter_card":"summary_large_image","schema":{"@context":"https:\/\/schema.org","@graph":[{"@type":"WebPage","@id":"https:\/\/www.plus-de-bulles.com\/blog\/privacy-policy-1\/","url":"https:\/\/www.plus-de-bulles.com\/blog\/privacy-policy-1\/","name":"Privacy policy - Les Conseils Plus de Bulles","isPartOf":{"@id":"https:\/\/www.plus-de-bulles.com\/blog\/#website"},"datePublished":"2024-02-01T11:27:48+00:00","dateModified":"2024-02-01T11:27:48+00:00","breadcrumb":{"@id":"https:\/\/www.plus-de-bulles.com\/blog\/privacy-policy-1\/#breadcrumb"},"inLanguage":"fr-FR","potentialAction":[{"@type":"ReadAction","target":["https:\/\/www.plus-de-bulles.com\/blog\/privacy-policy-1\/"]}]},{"@type":"BreadcrumbList","@id":"https:\/\/www.plus-de-bulles.com\/blog\/privacy-policy-1\/#breadcrumb","itemListElement":[{"@type":"ListItem","position":1,"name":"Accueil","item":"https:\/\/www.plus-de-bulles.com\/blog\/"},{"@type":"ListItem","position":2,"name":"Privacy policy"}]},{"@type":"WebSite","@id":"https:\/\/www.plus-de-bulles.com\/blog\/#website","url":"https:\/\/www.plus-de-bulles.com\/blog\/","name":"Les Conseils Plus de Bulles","description":"Toute l&#039;actualit\u00e9 du champagne","publisher":{"@id":"https:\/\/www.plus-de-bulles.com\/blog\/#organization"},"potentialAction":[{"@type":"SearchAction","target":{"@type":"EntryPoint","urlTemplate":"https:\/\/www.plus-de-bulles.com\/blog\/?s={search_term_string}"},"query-input":"required name=search_term_string"}],"inLanguage":"fr-FR"},{"@type":"Organization","@id":"https:\/\/www.plus-de-bulles.com\/blog\/#organization","name":"Plus de Bulles","url":"https:\/\/www.plus-de-bulles.com\/blog\/","logo":{"@type":"ImageObject","inLanguage":"fr-FR","@id":"https:\/\/www.plus-de-bulles.com\/blog\/#\/schema\/logo\/image\/","url":"https:\/\/www.plus-de-bulles.com\/blog\/wp-content\/uploads\/2024\/10\/logo-pdb-full.png","contentUrl":"https:\/\/www.plus-de-bulles.com\/blog\/wp-content\/uploads\/2024\/10\/logo-pdb-full.png","width":300,"height":300,"caption":"Plus de Bulles"},"image":{"@id":"https:\/\/www.plus-de-bulles.com\/blog\/#\/schema\/logo\/image\/"}}]}},"_links":{"self":[{"href":"https:\/\/www.plus-de-bulles.com\/blog\/wp-json\/wp\/v2\/pages\/22830"}],"collection":[{"href":"https:\/\/www.plus-de-bulles.com\/blog\/wp-json\/wp\/v2\/pages"}],"about":[{"href":"https:\/\/www.plus-de-bulles.com\/blog\/wp-json\/wp\/v2\/types\/page"}],"author":[{"embeddable":true,"href":"https:\/\/www.plus-de-bulles.com\/blog\/wp-json\/wp\/v2\/users\/1"}],"replies":[{"embeddable":true,"href":"https:\/\/www.plus-de-bulles.com\/blog\/wp-json\/wp\/v2\/comments?post=22830"}],"version-history":[{"count":2,"href":"https:\/\/www.plus-de-bulles.com\/blog\/wp-json\/wp\/v2\/pages\/22830\/revisions"}],"predecessor-version":[{"id":22833,"href":"https:\/\/www.plus-de-bulles.com\/blog\/wp-json\/wp\/v2\/pages\/22830\/revisions\/22833"}],"wp:attachment":[{"href":"https:\/\/www.plus-de-bulles.com\/blog\/wp-json\/wp\/v2\/media?parent=22830"}],"curies":[{"name":"wp","href":"https:\/\/api.w.org\/{rel}","templated":true}]}}