{"id":22834,"date":"2024-02-01T14:41:31","date_gmt":"2024-02-01T13:41:31","guid":{"rendered":"https:\/\/www.plus-de-bulles.com\/blog\/?page_id=22834"},"modified":"2026-02-05T17:25:09","modified_gmt":"2026-02-05T16:25:09","slug":"elu-meilleur-caviste-champagne-par-gault-et-millau","status":"publish","type":"page","link":"https:\/\/www.plus-de-bulles.com\/blog\/elu-meilleur-caviste-champagne-par-gault-et-millau\/","title":{"rendered":"Elu meilleur caviste champagne par Gault et Millau"},"content":{"rendered":"\n[et_pb_section fb_built=\u00a0\u00bb1&Prime; theme_builder_area=\u00a0\u00bbpost_content\u00a0\u00bb _builder_version=\u00a0\u00bb4.23&Prime; _module_preset=\u00a0\u00bbdefault\u00a0\u00bb][et_pb_row _builder_version=\u00a0\u00bb4.23&Prime; _module_preset=\u00a0\u00bbdefault\u00a0\u00bb theme_builder_area=\u00a0\u00bbpost_content\u00a0\u00bb hover_enabled=\u00a0\u00bb0&Prime; sticky_enabled=\u00a0\u00bb0&Prime;][et_pb_column _builder_version=\u00a0\u00bb4.23&Prime; _module_preset=\u00a0\u00bbdefault\u00a0\u00bb type=\u00a0\u00bb4_4&Prime; theme_builder_area=\u00a0\u00bbpost_content\u00a0\u00bb][et_pb_text _builder_version=\u00a0\u00bb4.23&Prime; _module_preset=\u00a0\u00bbdefault\u00a0\u00bb theme_builder_area=\u00a0\u00bbpost_content\u00a0\u00bb text_font_size=\u00a0\u00bb16px\u00a0\u00bb hover_enabled=\u00a0\u00bb0&Prime; sticky_enabled=\u00a0\u00bb0&Prime;]<div class=\"page-header\">\n<h1>ELU MEILLEUR CAVISTE CHAMPAGNE PAR GAULT ET MILLAU<\/h1>\n<\/div>\n<div class=\"post-body\">\n<p><i>Dans son num\u00e9ro de septembre\/octobre 2011, la revue Gault &amp; Millau a test\u00e9 une dizaine de cavistes sur Internet. Plus de Bulles a \u00e9t\u00e9 particuli\u00e8rement remarqu\u00e9 !<\/i><\/p>\n<\/div>[\/et_pb_text][\/et_pb_column][\/et_pb_row][et_pb_row _builder_version=\u00a0\u00bb4.23&Prime; _module_preset=\u00a0\u00bbdefault\u00a0\u00bb column_structure=\u00a0\u00bb2_5,3_5&Prime; theme_builder_area=\u00a0\u00bbpost_content\u00a0\u00bb custom_margin=\u00a0\u00bb-17px||||false|false\u00a0\u00bb hover_enabled=\u00a0\u00bb0&Prime; sticky_enabled=\u00a0\u00bb0&Prime;][et_pb_column _builder_version=\u00a0\u00bb4.23&Prime; _module_preset=\u00a0\u00bbdefault\u00a0\u00bb type=\u00a0\u00bb2_5&Prime; theme_builder_area=\u00a0\u00bbpost_content\u00a0\u00bb][et_pb_image src=\u00a0\u00bbhttps:\/\/www.plus-de-bulles.com\/blog\/wp-content\/uploads\/2024\/02\/gault_et_millau.jpeg\u00a0\u00bb _builder_version=\u00a0\u00bb4.23&Prime; _module_preset=\u00a0\u00bbdefault\u00a0\u00bb theme_builder_area=\u00a0\u00bbpost_content\u00a0\u00bb title_text=\u00a0\u00bbgault_et_millau\u00a0\u00bb hover_enabled=\u00a0\u00bb0&Prime; sticky_enabled=\u00a0\u00bb0&Prime;][\/et_pb_image][\/et_pb_column][et_pb_column _builder_version=\u00a0\u00bb4.23&Prime; _module_preset=\u00a0\u00bbdefault\u00a0\u00bb type=\u00a0\u00bb3_5&Prime; theme_builder_area=\u00a0\u00bbpost_content\u00a0\u00bb][et_pb_text _builder_version=\u00a0\u00bb4.23&Prime; _module_preset=\u00a0\u00bbdefault\u00a0\u00bb theme_builder_area=\u00a0\u00bbpost_content\u00a0\u00bb text_font_size=\u00a0\u00bb15px\u00a0\u00bb hover_enabled=\u00a0\u00bb0&Prime; sticky_enabled=\u00a0\u00bb0&Prime; custom_margin=\u00a0\u00bb6px||||false|false\u00a0\u00bb]<p>On ne pr\u00e9sente plus les c\u00e9l\u00e8bres critiques culinaires <b>Henri Gault<\/b> et <b>Christian Millau<\/b>, dont le guide gastronomique s\u2019est \u00e9coul\u00e9 \u00e0 des millions d\u2019exemplaires. Mais <b>Gault &amp; Millau<\/b>, ce n\u2019est pas qu\u2019un guide, c\u2019est aussi un magazine dont le 50e num\u00e9ro, publi\u00e9 en septembre 2011, a consacr\u00e9 un dossier complet \u00e0 l\u2019achat de vin et de champagne sur Internet.<\/p>\n<p>&nbsp;<\/p>\n<h2><\/h2>\n<h3>Plus de Bulles&#8230; et les autres<\/h3>\n<h2><\/h2>\n<p>&nbsp;<\/p>\n<p>Le dossier du magazine <b>Gault &amp; Millau<\/b> comportait aussi un test opposant <b>Plus de Bulles<\/b> \u00e0 8 autres sites web (1855, Wineandco, Ch\u00e2teau-Online\u2026). Les journalistes ayant r\u00e9alis\u00e9 ce test ont jug\u00e9 d\u2019une part le site, la pertinence de son offre, sa facilit\u00e9 d\u2019utilisation et la rapidit\u00e9 de sa livraison, et d\u2019autre part la qualit\u00e9 de son champagne premier prix.<\/p>[\/et_pb_text][\/et_pb_column][\/et_pb_row][et_pb_row _builder_version=\u00a0\u00bb4.23&Prime; _module_preset=\u00a0\u00bbdefault\u00a0\u00bb theme_builder_area=\u00a0\u00bbpost_content\u00a0\u00bb][et_pb_column _builder_version=\u00a0\u00bb4.23&Prime; _module_preset=\u00a0\u00bbdefault\u00a0\u00bb type=\u00a0\u00bb4_4&Prime; theme_builder_area=\u00a0\u00bbpost_content\u00a0\u00bb][et_pb_text _builder_version=\u00a0\u00bb4.23&Prime; _module_preset=\u00a0\u00bbdefault\u00a0\u00bb theme_builder_area=\u00a0\u00bbpost_content\u00a0\u00bb text_font_size=\u00a0\u00bb15px\u00a0\u00bb hover_enabled=\u00a0\u00bb0&Prime; sticky_enabled=\u00a0\u00bb0&Prime;]<h3>Le plus rapide et le moins cher<\/h3>\n<p>&nbsp;<\/p>\n<p>Un test qui a \u00e9t\u00e9 un pl\u00e9biscite pour Plus de Bulles qui a \u00e9t\u00e9 jug\u00e9 \u00e0 la fois le site le plus performant en terme de prix et de livraison, mais notre champagne d\u2019entr\u00e9e de gamme, le Brut Tradition Veuve Reuther a \u00e9galement \u00e9t\u00e9 le mieux not\u00e9 de la s\u00e9lection, \u00e0 \u00e9galit\u00e9 avec deux autres champagnes, tout deux vendus environ 8 euros de plus !<\/p>[\/et_pb_text][\/et_pb_column][\/et_pb_row][et_pb_row _builder_version=\u00a0\u00bb4.23&Prime; _module_preset=\u00a0\u00bbdefault\u00a0\u00bb theme_builder_area=\u00a0\u00bbpost_content\u00a0\u00bb][et_pb_column _builder_version=\u00a0\u00bb4.23&Prime; _module_preset=\u00a0\u00bbdefault\u00a0\u00bb type=\u00a0\u00bb4_4&Prime; theme_builder_area=\u00a0\u00bbpost_content\u00a0\u00bb][et_pb_image src=\u00a0\u00bbhttps:\/\/www.plus-de-bulles.com\/blog\/wp-content\/uploads\/2024\/02\/banc_d_essai.jpeg\u00a0\u00bb _builder_version=\u00a0\u00bb4.23&Prime; _module_preset=\u00a0\u00bbdefault\u00a0\u00bb theme_builder_area=\u00a0\u00bbpost_content\u00a0\u00bb title_text=\u00a0\u00bbbanc_d_essai\u00a0\u00bb hover_enabled=\u00a0\u00bb0&Prime; sticky_enabled=\u00a0\u00bb0&Prime; width=\u00a0\u00bb100%\u00a0\u00bb module_alignment=\u00a0\u00bbcenter\u00a0\u00bb][\/et_pb_image][\/et_pb_column][\/et_pb_row][et_pb_row _builder_version=\u00a0\u00bb4.23&Prime; _module_preset=\u00a0\u00bbdefault\u00a0\u00bb theme_builder_area=\u00a0\u00bbpost_content\u00a0\u00bb][et_pb_column _builder_version=\u00a0\u00bb4.23&Prime; _module_preset=\u00a0\u00bbdefault\u00a0\u00bb type=\u00a0\u00bb4_4&Prime; theme_builder_area=\u00a0\u00bbpost_content\u00a0\u00bb][et_pb_text _builder_version=\u00a0\u00bb4.23&Prime; _module_preset=\u00a0\u00bbdefault\u00a0\u00bb theme_builder_area=\u00a0\u00bbpost_content\u00a0\u00bb hover_enabled=\u00a0\u00bb0&Prime; sticky_enabled=\u00a0\u00bb0&Prime;]<h4 style=\"text-align: center;\"><span style=\"text-decoration: underline;\"><a data-media=\"306\" href=\"https:\/\/d2i4pzk02r8gti.cloudfront.net\/cms\/583c32e664049.pdf\">T\u00c9L\u00c9CHARGER L&rsquo;ARTICLE GAULT ET MILLAU AU FORMAT PDF<\/a><\/span><\/h4>[\/et_pb_text][\/et_pb_column][\/et_pb_row][et_pb_row _builder_version=\u00a0\u00bb4.23&Prime; _module_preset=\u00a0\u00bbdefault\u00a0\u00bb theme_builder_area=\u00a0\u00bbpost_content\u00a0\u00bb][et_pb_column _builder_version=\u00a0\u00bb4.23&Prime; _module_preset=\u00a0\u00bbdefault\u00a0\u00bb type=\u00a0\u00bb4_4&Prime; theme_builder_area=\u00a0\u00bbpost_content\u00a0\u00bb][et_pb_text _builder_version=\u00a0\u00bb4.23&Prime; _module_preset=\u00a0\u00bbdefault\u00a0\u00bb theme_builder_area=\u00a0\u00bbpost_content\u00a0\u00bb hover_enabled=\u00a0\u00bb0&Prime; sticky_enabled=\u00a0\u00bb0&Prime;]<h3>L&rsquo;excellence Plus de Bulles<\/h3>\n<p><span style=\"color: #000000;\">Depuis la publication de cet article du magazine <b>Gault &amp; Millau<\/b>, Plus de Bulles a consid\u00e9rablement enrichi son offre et sa qualit\u00e9 de service. D\u00e9couvrez les nouvelles offres du 1er <a href=\"https:\/\/www.plus-de-bulles.com\/fr\/recherche\" style=\"color: #000000;\"><span style=\"text-decoration: underline;\">site de vente de champagne sur Internet<\/span><\/a>.<\/span><\/p>\n<p><span style=\"color: #000000;\">Aujourd&rsquo;hui ce sont pr\u00e8s de 1200 cuv\u00e9es qui sont disponibles sur le site en permanence dont certaines en exclusivit\u00e9 (<span style=\"text-decoration: underline;\"><a href=\"https:\/\/www.plus-de-bulles.com\/fr\/77-champagne-diebolt-vallois\" style=\"color: #000000; text-decoration: underline;\">Diebolt-Vallois<\/a><\/span>, <span style=\"text-decoration: underline;\"><a href=\"https:\/\/www.plus-de-bulles.com\/fr\/127-champagne-marc-hebrart\" style=\"color: #000000; text-decoration: underline;\">Marc H\u00e9brart<\/a><\/span>, <span style=\"text-decoration: underline;\"><a href=\"https:\/\/www.plus-de-bulles.com\/fr\/96-champagne-thevenet-delouvin\" style=\"color: #000000; text-decoration: underline;\">Thevenet-Delouvin<\/a><\/span>, <span style=\"text-decoration: underline;\"><a href=\"https:\/\/www.plus-de-bulles.com\/fr\/128-champagne-savart\" style=\"color: #000000; text-decoration: underline;\">Savart<\/a><\/span>&#8230;), des champagnes livrables en 24\/48 heures partout en France, mais aussi en Europe. Des cuv\u00e9es rares, comme les parcellaires de la maison <span style=\"text-decoration: underline;\"><a href=\"https:\/\/www.plus-de-bulles.com\/fr\/101-champagne-jacquesson\" style=\"color: #000000; text-decoration: underline;\">Jacquesson<\/a><\/span>, ou les Oenoth\u00e8ques <span style=\"text-decoration: underline;\"><a href=\"https:\/\/www.plus-de-bulles.com\/fr\/81-champagne-dom-perignon\" style=\"color: #000000; text-decoration: underline;\">Dom P\u00e9rignon<\/a><\/span>, mais aussi des contenants vari\u00e9s allant de la demi-bouteille au j\u00e9roboam en passant par le magnum.<\/span><\/p>[\/et_pb_text][\/et_pb_column][\/et_pb_row][et_pb_row _builder_version=\u00a0\u00bb4.23&Prime; _module_preset=\u00a0\u00bbdefault\u00a0\u00bb theme_builder_area=\u00a0\u00bbpost_content\u00a0\u00bb][et_pb_column _builder_version=\u00a0\u00bb4.23&Prime; _module_preset=\u00a0\u00bbdefault\u00a0\u00bb type=\u00a0\u00bb4_4&Prime; theme_builder_area=\u00a0\u00bbpost_content\u00a0\u00bb][et_pb_text _builder_version=\u00a0\u00bb4.23&Prime; _module_preset=\u00a0\u00bbdefault\u00a0\u00bb theme_builder_area=\u00a0\u00bbpost_content\u00a0\u00bb hover_enabled=\u00a0\u00bb0&Prime; sticky_enabled=\u00a0\u00bb0&Prime;]<h3>Une qualit\u00e9 reconnue<\/h3>\n<p>La qualit\u00e9 du service Plus de Bulles est \u00e9valu\u00e9e en permanence gr\u00e2ce aux services de la soci\u00e9t\u00e9 <b>Avis V\u00e9rifi\u00e9s<\/b>, un organisme ind\u00e9pendant qui recueille les avis de nos clients de fa\u00e7on totalement transparente. Le logo <b>Avis V\u00e9rifi\u00e9s<\/b>situ\u00e9 en bas \u00e0 droite de cette page et des principales pages du site, affiche en temps r\u00e9\u00e9l les derniers avis donn\u00e9s par nos clients, ainsi qu&rsquo;une note sur 5. Difficile d&rsquo;afficher plus de transparence et de mieux veiller \u00e0 la satisfaction de nos clients.<\/p>[\/et_pb_text][\/et_pb_column][\/et_pb_row][et_pb_row _builder_version=\u00a0\u00bb4.23&Prime; _module_preset=\u00a0\u00bbdefault\u00a0\u00bb theme_builder_area=\u00a0\u00bbpost_content\u00a0\u00bb][et_pb_column _builder_version=\u00a0\u00bb4.23&Prime; _module_preset=\u00a0\u00bbdefault\u00a0\u00bb type=\u00a0\u00bb4_4&Prime; theme_builder_area=\u00a0\u00bbpost_content\u00a0\u00bb][et_pb_text _builder_version=\u00a0\u00bb4.23&Prime; _module_preset=\u00a0\u00bbdefault\u00a0\u00bb theme_builder_area=\u00a0\u00bbpost_content\u00a0\u00bb hover_enabled=\u00a0\u00bb0&Prime; sticky_enabled=\u00a0\u00bb0&Prime;]<h3><span>Install\u00e9 au coeur du vignoble<\/span><\/h3>[\/et_pb_text][\/et_pb_column][\/et_pb_row][et_pb_row _builder_version=\u00a0\u00bb4.23&Prime; _module_preset=\u00a0\u00bbdefault\u00a0\u00bb column_structure=\u00a0\u00bb1_4,3_4&Prime; theme_builder_area=\u00a0\u00bbpost_content\u00a0\u00bb custom_margin=\u00a0\u00bb-41px||||false|false\u00a0\u00bb hover_enabled=\u00a0\u00bb0&Prime; sticky_enabled=\u00a0\u00bb0&Prime;][et_pb_column _builder_version=\u00a0\u00bb4.23&Prime; _module_preset=\u00a0\u00bbdefault\u00a0\u00bb type=\u00a0\u00bb1_4&Prime; theme_builder_area=\u00a0\u00bbpost_content\u00a0\u00bb][et_pb_image src=\u00a0\u00bbhttps:\/\/www.plus-de-bulles.com\/blog\/wp-content\/uploads\/2024\/02\/marie_et_benjamin.jpeg\u00a0\u00bb _builder_version=\u00a0\u00bb4.23&Prime; _module_preset=\u00a0\u00bbdefault\u00a0\u00bb theme_builder_area=\u00a0\u00bbpost_content\u00a0\u00bb title_text=\u00a0\u00bbmarie_et_benjamin\u00a0\u00bb hover_enabled=\u00a0\u00bb0&Prime; sticky_enabled=\u00a0\u00bb0&Prime;][\/et_pb_image][\/et_pb_column][et_pb_column _builder_version=\u00a0\u00bb4.23&Prime; _module_preset=\u00a0\u00bbdefault\u00a0\u00bb type=\u00a0\u00bb3_4&Prime; theme_builder_area=\u00a0\u00bbpost_content\u00a0\u00bb][et_pb_text _builder_version=\u00a0\u00bb4.23&Prime; _module_preset=\u00a0\u00bbdefault\u00a0\u00bb theme_builder_area=\u00a0\u00bbpost_content\u00a0\u00bb hover_enabled=\u00a0\u00bb0&Prime; sticky_enabled=\u00a0\u00bb0&Prime;]<p><span>Fond\u00e9 par deux champenois, <\/span><b>Marie Servagnat et Benjamin Cherri\u00e8re<\/b><span>, <\/span><b>Plus de Bulles<\/b><span> a naturellement install\u00e9 sa plateforme logistique et ses stocks \u00e0 dans la r\u00e9gion. Nous avons en moyenne 15 000 bouteilles en stock en permanence, conserv\u00e9es dans des conditions id\u00e9ales de temp\u00e9rature et d&rsquo;hygrom\u00e9trie. Ces stocks, uniques pour un site Internet, nous permettent de r\u00e9pondre \u00e0 toutes les demandes et d&rsquo;exp\u00e9dier votre commande le jour m\u00eame si celle-ci est pass\u00e9e avant 13h. Nous ne vendons que les cuv\u00e9es que nous avons en stock. C&rsquo;est pour vous la garantie d&rsquo;acheter des produits r\u00e9ellement disponibles et en stock !<\/span><\/p>[\/et_pb_text][\/et_pb_column][\/et_pb_row][\/et_pb_section]\n","protected":false},"excerpt":{"rendered":"<p>ELU MEILLEUR CAVISTE CHAMPAGNE PAR GAULT ET MILLAU Dans son num\u00e9ro de septembre\/octobre 2011, la revue Gault &amp; Millau a test\u00e9 une dizaine de cavistes sur Internet. Plus de Bulles a \u00e9t\u00e9 particuli\u00e8rement remarqu\u00e9 ! On ne pr\u00e9sente plus les c\u00e9l\u00e8bres critiques culinaires Henri Gault et Christian Millau, dont le guide gastronomique s\u2019est \u00e9coul\u00e9 \u00e0 [&hellip;]<\/p>\n","protected":false},"author":1,"featured_media":0,"parent":0,"menu_order":0,"comment_status":"closed","ping_status":"closed","template":"","meta":{"_et_pb_use_builder":"on","_et_pb_old_content":"","_et_gb_content_width":"","footnotes":""},"yoast_head":"<!-- This site is optimized with the Yoast SEO plugin v20.4 - https:\/\/yoast.com\/wordpress\/plugins\/seo\/ -->\n<title>Elu meilleur caviste champagne par Gault et Millau<\/title>\n<meta name=\"description\" content=\"Le guide Gault et Millau distingue le Meilleur Caviste Champagne. Une reconnaissance de notre engagement envers l&#039;excellence des champagnes\" \/>\n<meta name=\"robots\" content=\"index, follow, max-snippet:-1, max-image-preview:large, max-video-preview:-1\" \/>\n<link rel=\"canonical\" href=\"https:\/\/www.plus-de-bulles.com\/blog\/elu-meilleur-caviste-champagne-par-gault-et-millau\/\" \/>\n<meta property=\"og:locale\" content=\"fr_FR\" \/>\n<meta property=\"og:type\" content=\"article\" \/>\n<meta property=\"og:title\" content=\"Elu meilleur caviste champagne par Gault et Millau\" \/>\n<meta property=\"og:description\" content=\"Le guide Gault et Millau distingue le Meilleur Caviste Champagne. Une reconnaissance de notre engagement envers l&#039;excellence des champagnes\" \/>\n<meta property=\"og:url\" content=\"https:\/\/www.plus-de-bulles.com\/blog\/elu-meilleur-caviste-champagne-par-gault-et-millau\/\" \/>\n<meta property=\"og:site_name\" content=\"Les Conseils Plus de Bulles\" \/>\n<meta property=\"article:modified_time\" content=\"2026-02-05T16:25:09+00:00\" \/>\n<meta property=\"og:image\" content=\"https:\/\/www.plus-de-bulles.com\/blog\/wp-content\/uploads\/2024\/10\/logo-pdb-full.png\" \/>\n\t<meta property=\"og:image:width\" content=\"300\" \/>\n\t<meta property=\"og:image:height\" content=\"300\" \/>\n\t<meta property=\"og:image:type\" content=\"image\/png\" \/>\n<meta name=\"twitter:card\" content=\"summary_large_image\" \/>\n<meta name=\"twitter:label1\" content=\"Est. reading time\" \/>\n\t<meta name=\"twitter:data1\" content=\"4 minutes\" \/>\n<script type=\"application\/ld+json\" class=\"yoast-schema-graph\">{\"@context\":\"https:\/\/schema.org\",\"@graph\":[{\"@type\":\"WebPage\",\"@id\":\"https:\/\/www.plus-de-bulles.com\/blog\/elu-meilleur-caviste-champagne-par-gault-et-millau\/\",\"url\":\"https:\/\/www.plus-de-bulles.com\/blog\/elu-meilleur-caviste-champagne-par-gault-et-millau\/\",\"name\":\"Elu meilleur caviste champagne par Gault et Millau\",\"isPartOf\":{\"@id\":\"https:\/\/www.plus-de-bulles.com\/blog\/#website\"},\"datePublished\":\"2024-02-01T13:41:31+00:00\",\"dateModified\":\"2026-02-05T16:25:09+00:00\",\"description\":\"Le guide Gault et Millau distingue le Meilleur Caviste Champagne. Une reconnaissance de notre engagement envers l'excellence des champagnes\",\"breadcrumb\":{\"@id\":\"https:\/\/www.plus-de-bulles.com\/blog\/elu-meilleur-caviste-champagne-par-gault-et-millau\/#breadcrumb\"},\"inLanguage\":\"fr-FR\",\"potentialAction\":[{\"@type\":\"ReadAction\",\"target\":[\"https:\/\/www.plus-de-bulles.com\/blog\/elu-meilleur-caviste-champagne-par-gault-et-millau\/\"]}]},{\"@type\":\"BreadcrumbList\",\"@id\":\"https:\/\/www.plus-de-bulles.com\/blog\/elu-meilleur-caviste-champagne-par-gault-et-millau\/#breadcrumb\",\"itemListElement\":[{\"@type\":\"ListItem\",\"position\":1,\"name\":\"Accueil\",\"item\":\"https:\/\/www.plus-de-bulles.com\/blog\/\"},{\"@type\":\"ListItem\",\"position\":2,\"name\":\"Elu meilleur caviste champagne par Gault et Millau\"}]},{\"@type\":\"WebSite\",\"@id\":\"https:\/\/www.plus-de-bulles.com\/blog\/#website\",\"url\":\"https:\/\/www.plus-de-bulles.com\/blog\/\",\"name\":\"Les Conseils Plus de Bulles\",\"description\":\"Toute l&#039;actualit\u00e9 du champagne\",\"publisher\":{\"@id\":\"https:\/\/www.plus-de-bulles.com\/blog\/#organization\"},\"potentialAction\":[{\"@type\":\"SearchAction\",\"target\":{\"@type\":\"EntryPoint\",\"urlTemplate\":\"https:\/\/www.plus-de-bulles.com\/blog\/?s={search_term_string}\"},\"query-input\":\"required name=search_term_string\"}],\"inLanguage\":\"fr-FR\"},{\"@type\":\"Organization\",\"@id\":\"https:\/\/www.plus-de-bulles.com\/blog\/#organization\",\"name\":\"Plus de Bulles\",\"url\":\"https:\/\/www.plus-de-bulles.com\/blog\/\",\"logo\":{\"@type\":\"ImageObject\",\"inLanguage\":\"fr-FR\",\"@id\":\"https:\/\/www.plus-de-bulles.com\/blog\/#\/schema\/logo\/image\/\",\"url\":\"https:\/\/www.plus-de-bulles.com\/blog\/wp-content\/uploads\/2024\/10\/logo-pdb-full.png\",\"contentUrl\":\"https:\/\/www.plus-de-bulles.com\/blog\/wp-content\/uploads\/2024\/10\/logo-pdb-full.png\",\"width\":300,\"height\":300,\"caption\":\"Plus de Bulles\"},\"image\":{\"@id\":\"https:\/\/www.plus-de-bulles.com\/blog\/#\/schema\/logo\/image\/\"}}]}<\/script>\n<!-- \/ Yoast SEO plugin. -->","yoast_head_json":{"title":"Elu meilleur caviste champagne par Gault et Millau","description":"Le guide Gault et Millau distingue le Meilleur Caviste Champagne. Une reconnaissance de notre engagement envers l'excellence des champagnes","robots":{"index":"index","follow":"follow","max-snippet":"max-snippet:-1","max-image-preview":"max-image-preview:large","max-video-preview":"max-video-preview:-1"},"canonical":"https:\/\/www.plus-de-bulles.com\/blog\/elu-meilleur-caviste-champagne-par-gault-et-millau\/","og_locale":"fr_FR","og_type":"article","og_title":"Elu meilleur caviste champagne par Gault et Millau","og_description":"Le guide Gault et Millau distingue le Meilleur Caviste Champagne. Une reconnaissance de notre engagement envers l'excellence des champagnes","og_url":"https:\/\/www.plus-de-bulles.com\/blog\/elu-meilleur-caviste-champagne-par-gault-et-millau\/","og_site_name":"Les Conseils Plus de Bulles","article_modified_time":"2026-02-05T16:25:09+00:00","og_image":[{"width":300,"height":300,"url":"https:\/\/www.plus-de-bulles.com\/blog\/wp-content\/uploads\/2024\/10\/logo-pdb-full.png","type":"image\/png"}],"twitter_card":"summary_large_image","twitter_misc":{"Est. reading time":"4 minutes"},"schema":{"@context":"https:\/\/schema.org","@graph":[{"@type":"WebPage","@id":"https:\/\/www.plus-de-bulles.com\/blog\/elu-meilleur-caviste-champagne-par-gault-et-millau\/","url":"https:\/\/www.plus-de-bulles.com\/blog\/elu-meilleur-caviste-champagne-par-gault-et-millau\/","name":"Elu meilleur caviste champagne par Gault et Millau","isPartOf":{"@id":"https:\/\/www.plus-de-bulles.com\/blog\/#website"},"datePublished":"2024-02-01T13:41:31+00:00","dateModified":"2026-02-05T16:25:09+00:00","description":"Le guide Gault et Millau distingue le Meilleur Caviste Champagne. Une reconnaissance de notre engagement envers l'excellence des champagnes","breadcrumb":{"@id":"https:\/\/www.plus-de-bulles.com\/blog\/elu-meilleur-caviste-champagne-par-gault-et-millau\/#breadcrumb"},"inLanguage":"fr-FR","potentialAction":[{"@type":"ReadAction","target":["https:\/\/www.plus-de-bulles.com\/blog\/elu-meilleur-caviste-champagne-par-gault-et-millau\/"]}]},{"@type":"BreadcrumbList","@id":"https:\/\/www.plus-de-bulles.com\/blog\/elu-meilleur-caviste-champagne-par-gault-et-millau\/#breadcrumb","itemListElement":[{"@type":"ListItem","position":1,"name":"Accueil","item":"https:\/\/www.plus-de-bulles.com\/blog\/"},{"@type":"ListItem","position":2,"name":"Elu meilleur caviste champagne par Gault et Millau"}]},{"@type":"WebSite","@id":"https:\/\/www.plus-de-bulles.com\/blog\/#website","url":"https:\/\/www.plus-de-bulles.com\/blog\/","name":"Les Conseils Plus de Bulles","description":"Toute l&#039;actualit\u00e9 du champagne","publisher":{"@id":"https:\/\/www.plus-de-bulles.com\/blog\/#organization"},"potentialAction":[{"@type":"SearchAction","target":{"@type":"EntryPoint","urlTemplate":"https:\/\/www.plus-de-bulles.com\/blog\/?s={search_term_string}"},"query-input":"required name=search_term_string"}],"inLanguage":"fr-FR"},{"@type":"Organization","@id":"https:\/\/www.plus-de-bulles.com\/blog\/#organization","name":"Plus de Bulles","url":"https:\/\/www.plus-de-bulles.com\/blog\/","logo":{"@type":"ImageObject","inLanguage":"fr-FR","@id":"https:\/\/www.plus-de-bulles.com\/blog\/#\/schema\/logo\/image\/","url":"https:\/\/www.plus-de-bulles.com\/blog\/wp-content\/uploads\/2024\/10\/logo-pdb-full.png","contentUrl":"https:\/\/www.plus-de-bulles.com\/blog\/wp-content\/uploads\/2024\/10\/logo-pdb-full.png","width":300,"height":300,"caption":"Plus de Bulles"},"image":{"@id":"https:\/\/www.plus-de-bulles.com\/blog\/#\/schema\/logo\/image\/"}}]}},"_links":{"self":[{"href":"https:\/\/www.plus-de-bulles.com\/blog\/wp-json\/wp\/v2\/pages\/22834"}],"collection":[{"href":"https:\/\/www.plus-de-bulles.com\/blog\/wp-json\/wp\/v2\/pages"}],"about":[{"href":"https:\/\/www.plus-de-bulles.com\/blog\/wp-json\/wp\/v2\/types\/page"}],"author":[{"embeddable":true,"href":"https:\/\/www.plus-de-bulles.com\/blog\/wp-json\/wp\/v2\/users\/1"}],"replies":[{"embeddable":true,"href":"https:\/\/www.plus-de-bulles.com\/blog\/wp-json\/wp\/v2\/comments?post=22834"}],"version-history":[{"count":5,"href":"https:\/\/www.plus-de-bulles.com\/blog\/wp-json\/wp\/v2\/pages\/22834\/revisions"}],"predecessor-version":[{"id":23768,"href":"https:\/\/www.plus-de-bulles.com\/blog\/wp-json\/wp\/v2\/pages\/22834\/revisions\/23768"}],"wp:attachment":[{"href":"https:\/\/www.plus-de-bulles.com\/blog\/wp-json\/wp\/v2\/media?parent=22834"}],"curies":[{"name":"wp","href":"https:\/\/api.w.org\/{rel}","templated":true}]}}