{"id":22850,"date":"2024-02-01T14:54:58","date_gmt":"2024-02-01T13:54:58","guid":{"rendered":"https:\/\/www.plus-de-bulles.com\/blog\/?page_id=22850"},"modified":"2026-02-05T17:29:29","modified_gmt":"2026-02-05T16:29:29","slug":"mentions-legales","status":"publish","type":"page","link":"https:\/\/www.plus-de-bulles.com\/blog\/mentions-legales\/","title":{"rendered":"Mentions l\u00e9gales"},"content":{"rendered":"\n[et_pb_section fb_built=\u00a0\u00bb1&Prime; theme_builder_area=\u00a0\u00bbpost_content\u00a0\u00bb _builder_version=\u00a0\u00bb4.23&Prime; _module_preset=\u00a0\u00bbdefault\u00a0\u00bb][et_pb_row _builder_version=\u00a0\u00bb4.23&Prime; _module_preset=\u00a0\u00bbdefault\u00a0\u00bb theme_builder_area=\u00a0\u00bbpost_content\u00a0\u00bb][et_pb_column _builder_version=\u00a0\u00bb4.23&Prime; _module_preset=\u00a0\u00bbdefault\u00a0\u00bb type=\u00a0\u00bb4_4&Prime; theme_builder_area=\u00a0\u00bbpost_content\u00a0\u00bb][et_pb_text _builder_version=\u00a0\u00bb4.23&Prime; _module_preset=\u00a0\u00bbdefault\u00a0\u00bb theme_builder_area=\u00a0\u00bbpost_content\u00a0\u00bb text_font_size=\u00a0\u00bb15px\u00a0\u00bb hover_enabled=\u00a0\u00bb0&Prime; sticky_enabled=\u00a0\u00bb0&Prime;]<h1 style=\"font-weight: 500;\">MENTIONS L\u00c9GALES<\/h1>\n<h3><\/h3>\n<p>&nbsp;<\/p>\n<h3><\/h3>\n<h3>Politique de protection de la vie priv\u00e9e<\/h3>\n<p>&nbsp;<\/p>\n<p>Dans le cadre du fonctionnement habituel du site Plus-de-Bulles.com, nous sommes amen\u00e9s \u00e0 stocker des informations n\u00e9cessaires \u00e0 notre relation commerciale avec le client. Ces informations sont d\u00e9crites exhaustivement ici : nous n&rsquo;enregistrons pas d&rsquo;information \u00e0 votre insu.<\/p>\n<p>Afin de permettre une commande et un suivi efficace, nous stockons en base de donn\u00e9es les informations suivantes :<\/p>\n<ul>\n<li>Nom et pr\u00e9nom, titre, date de naissance.<\/li>\n<li>Adresse postale compl\u00e8te : num\u00e9ro, rue, ville, code postal, pays.<\/li>\n<li>Num\u00e9ros de t\u00e9l\u00e9phone fixe et mobile.<\/li>\n<li>Avis publi\u00e9s sur le site.<\/li>\n<li>Paniers remplis, devis re\u00e7us et commandes effectu\u00e9es.<\/li>\n<li>\u00c9changes t\u00e9l\u00e9phoniques, chat et mail avec le service client.<\/li>\n<\/ul>\n<p>Ces donn\u00e9es sont n\u00e9cessaires pour :<\/p>\n<ul>\n<li>Remplir nos obligations l\u00e9gales de lutte contre le blanchiment d&rsquo;argent, la fraude, en s&rsquo;assurant de l&rsquo;identit\u00e9 et de l&rsquo;adresse des personnes.<\/li>\n<li>Exp\u00e9dier les produits lorsque l&rsquo;achat se fait en ligne.<\/li>\n<li>Permettre \u00e0 nos conseillers de client\u00e8le de vous offrir un conseil personnalis\u00e9 en consultant votre historique d&rsquo;achats et de devis.<\/li>\n<\/ul>\n<p>Plus-de-Bulles stocke ces donn\u00e9es sur des serveurs achet\u00e9s ou lou\u00e9s par ses soins et aupr\u00e8s de certains partenaires (Avis V\u00e9rifi\u00e9s, iAdvize). Ces serveurs sont h\u00e9berg\u00e9s aupr\u00e8s de nos partenaires d&rsquo;h\u00e9bergement, OVH (France), Gandi (France) et Amazon Web Services (Zone de Francfort, Allemagne). Aucune donn\u00e9e n&rsquo;est stock\u00e9e hors de l&rsquo;Union Europ\u00e9enne.<\/p>\n<p>Les donn\u00e9es d\u2019activit\u00e9 du compte (achats, devis, factures, transports) sont conserv\u00e9es pendant 10 ans r\u00e9volus apr\u00e8s la survenue de l\u2019\u00e9v\u00e8nement. Cette dur\u00e9e est requise par la loi fran\u00e7aise qui demande de conserver pendant 10 ans, \u00e0 titre probatoire, les \u00e9l\u00e9ments li\u00e9s \u00e0 la facturation (article L. 123-22 alin\u00e9a 2 du code de commerce). Ces donn\u00e9es ne sont vendues \u00e0 aucun prestataire externe.<\/p>\n<p>CRM360 est sous-traitant pour l\u2019envoi de newsletters aux personnes ayant accept\u00e9 ces envois. Les emails envoy\u00e9s contiennent un lien de d\u00e9sabonnement.<\/p>\n<p>&nbsp;<\/p>\n<h3 style=\"font-weight: 500;\">Politique de gestion des cookies<\/h3>\n<p>&nbsp;<\/p>\n<p>Lorsque vous visitez le Site Web, nous pouvons placer de petites informations sur votre ordinateur connues sous le nom de \u00ab cookies \u00bb, qui seront stock\u00e9es par votre navigateur sur votre disque dur. Ces cookies nous permettent notamment de :<\/p>\n<ul>\n<li>Assurer le bon fonctionnement de notre Site Web et am\u00e9liorer votre exp\u00e9rience d&rsquo;achat,<\/li>\n<li>Analyser notre trafic et optimiser la performance de notre site Web,<\/li>\n<li>Proposer des contenus personnalis\u00e9s et adapt\u00e9s \u00e0 vos centres d&rsquo;int\u00e9r\u00eats,<\/li>\n<li>Proposer des publicit\u00e9s cibl\u00e9es sur notre Site Web et en dehors, notamment sur les r\u00e9seaux sociaux, ainsi que des publicit\u00e9s en fonction de votre localisation.<\/li>\n<\/ul>\n<p><b><strong><\/strong><\/b><\/p>\n<p><b><strong>Quels sont les cookies que nous utilisons ?<\/strong><\/b><\/p>\n<p>Nous utilisons les cookies suivants :<\/p>\n<ul>\n<li><b><strong>Des cookies techniques relatifs aux fonctionnalit\u00e9s du Site Web (obligatoire)<\/strong><\/b><\/li>\n<\/ul>\n<p>Ces cookies sont essentiels au bon fonctionnement de notre Site Web et ne peuvent pas \u00eatre param\u00e9tr\u00e9s. Ces cookies vous permettent de parcourir le Site Web, d&rsquo;utiliser ses fonctionnalit\u00e9s et d\u2019enregistrer vos pr\u00e9f\u00e9rences tels que la langue utilis\u00e9e, l\u2019acc\u00e8s \u00e0 votre compte, les produits ajout\u00e9s dans le panier d\u2019achat\u2026 et de s\u00e9curiser notre Site Web contre les fraudes \u00e9ventuelles par le biais d\u2019analyses pr\u00e9dictives. En cas de suspicion de fraude par nos syst\u00e8mes, vous privant de la possibilit\u00e9 de passer une commande sur le Site web, vous serez imm\u00e9diatement inform\u00e9s et vous aurez alors la possibilit\u00e9 de contacter le service clients afin d\u2019obtenir le r\u00e9examen de votre paiement.<\/p>\n<ul>\n<li><b><strong>Des cookies d&rsquo;analyse du Site Web<\/strong><\/b><\/li>\n<\/ul>\n<p>Ces cookies, dits de performance, nous permettent de mesurer la fr\u00e9quentation du Site Web (nombre de visites, pages vues, sources du trafic\u2026), d\u2019analyser votre navigation sur le Site Web, et vos r\u00e9actions face aux produits que nous proposons, afin d\u2019en optimiser la performance. Ils recueillent des informations sur la navigation op\u00e9r\u00e9e par le visiteur sur le Site Web, afin de nous aider \u00e0 am\u00e9liorer l\u2019ergonomie et les fonctionnalit\u00e9s du site. En acceptant ces cookies, vous contribuez \u00e0 l\u2019am\u00e9lioration de notre Site Web.<\/p>\n<ul>\n<li><b><strong>Des cookies relatifs \u00e0 vos pr\u00e9f\u00e9rences (Exp\u00e9rience et relation)<\/strong><\/b><\/li>\n<\/ul>\n<p>Lorsque vous naviguez ou effectuez des achats en ligne, le Site Web m\u00e9morise vos pr\u00e9f\u00e9rences. Cela simplifie, facilite et personnalise votre exp\u00e9rience de navigation afin de r\u00e9pondre au mieux \u00e0 vos pr\u00e9f\u00e9rences et \u00e0 vos attentes. Ces cookies nous permettent de vous proposer des contenus sur le site, dans les emails qui vous sont envoy\u00e9s ou en magasin en ad\u00e9quation avec vos attentes et pr\u00e9f\u00e9rences. Ils peuvent \u00e9galement permettre de tester et d\u2019am\u00e9liorer l\u2019ergonomie du site. Sans ces cookies, votre utilisation du site peut \u00eatre ralentie et la pertinence des recommandations limit\u00e9e.<\/p>\n<ul>\n<li><b><strong>Des cookies de ciblage ou publicitaires (Marketing &amp; R\u00e9seaux sociaux) :<\/strong><\/b><\/li>\n<\/ul>\n<p>Ces cookies sont utilis\u00e9s pour diffuser des annonces qui vous int\u00e9ressent sur notre site et en dehors, y compris sur les r\u00e9seaux sociaux. Ces cookies limitent le nombre de fois o\u00f9 vous voyez une annonce et nous aident \u00e0 mesurer l&rsquo;efficacit\u00e9 de nos campagnes publicitaires. Ils r\u00e9cup\u00e8rent certaines informations afin de mieux cibler les publicit\u00e9s en fonction de vos centres d&rsquo;int\u00e9r\u00eat. Si vous d\u00e9sactivez ces cookies, des publicit\u00e9s (y compris les n\u00f4tres) continueront de s\u2019afficher lors de votre navigation mais elles ne tiendront pas compte de vos centres d\u2019int\u00e9r\u00eats et seront donc moins pertinentes.<\/p>\n<p><b><strong><\/strong><\/b><\/p>\n<p><b><strong>Comment accepter ou refuser le d\u00e9p\u00f4t des cookies ?<\/strong><\/b><\/p>\n<p>L\u2019enregistrement des cookies sur votre terminal d\u00e9pend de votre choix, sauf s\u2019agissant des cookies de fonctionnement et de s\u00e9curit\u00e9 qui sont n\u00e9cessaires au bon fonctionnement de notre Site Web. Les cookies sont enregistr\u00e9s pendant une\u00a0<b><strong>dur\u00e9e de 13 mois.<\/strong><\/b><\/p>\n<p>Vous pouvez d\u00e9sactiver les cookies de mani\u00e8re autonome en adaptant les r\u00e9glages de votre navigateur, mais sachez qu&rsquo;en d\u00e9sactivant les cookies, vous risquez de ne pas pouvoir utiliser toutes les fonctionnalit\u00e9s du Site Web.<\/p>\n<p>&nbsp;<\/p>\n<h3 style=\"font-weight: 500;\">Mentions L\u00e9gales<\/h3>\n<p>&nbsp;<\/p>\n<p>Mineurs : en vertu de l&rsquo;ordonnance n\u00b059-107 du 7 janvier 1959 et de la loi n\u00b074-631 du 5 juillet 1974, la vente d&rsquo;alcool \u00e0 des mineurs de moins de 18 ans est interdite. Toute personne commandant du vin chez Plus-de-Bulles.com s&rsquo;engage donc \u00e0 avoir 18 ans r\u00e9volus \u00e0 la date de la commande.<\/p>\n<p>Abus d&rsquo;alcool : L&rsquo;abus d&rsquo;alcool est dangereux pour la sant\u00e9. Sachez donc le consommer et l&rsquo;appr\u00e9cier avec mod\u00e9ration.<\/p>\n<p>Informatique et libert\u00e9s : au regard de la loi 78-17 du 6 janvier 1978, vous disposez d&rsquo;un droit d&rsquo;acc\u00e8s et de rectification des donn\u00e9es personnelles vous concernant. Pour l&rsquo;exercer vous avez directement acc\u00e8s \u00e0 votre compte personnel en ligne. Vous pouvez \u00e9galement vous adresser \u00e0 Plus-de-Bulles.com &#8211; 29 rue de Mars, 51100 Reims.<\/p>\n<p>Les informations qui vous concernent sont destin\u00e9es au site Plus de Bulles.com.<\/p>\n<p>Raison Sociale : Plus de Bulles<\/p>\n<p>Enseigne : Plus de Bulles<\/p>\n<p>Statut juridique et capital social : SARL au capital de 1735 euros<\/p>\n<p>G\u00e9rant : Benjamin Cherri\u00e8re<\/p>\n<p>Si\u00e8ge social : 29 rue de Mars, 51100 Reims<\/p>\n<p>T\u00e9l\u00e9phone : 09 75 18 60 26<\/p>\n<p>Courriel : contact (at) plus-de-bulles (point) com<\/p>\n<p>TVA intra-communautaire : FR 61497905349<\/p>\n<p>Siret : 49790534900013<\/p>\n<p>Num\u00e9ro de d\u00e9claration CNIL : 1249585<\/p>\n<p>&nbsp;<\/p>\n<p>Directeur de la publication : Benjamin Cherri\u00e8re<\/p>\n<p>&nbsp;<\/p>\n<p>Site h\u00e9berg\u00e9 par OVH, 2 rue Kellermann 59100 Roubaix<\/p>[\/et_pb_text][\/et_pb_column][\/et_pb_row][\/et_pb_section]\n","protected":false},"excerpt":{"rendered":"<p>MENTIONS L\u00c9GALES &nbsp; Politique de protection de la vie priv\u00e9e &nbsp; Dans le cadre du fonctionnement habituel du site Plus-de-Bulles.com, nous sommes amen\u00e9s \u00e0 stocker des informations n\u00e9cessaires \u00e0 notre relation commerciale avec le client. Ces informations sont d\u00e9crites exhaustivement ici : nous n&rsquo;enregistrons pas d&rsquo;information \u00e0 votre insu. Afin de permettre une commande et [&hellip;]<\/p>\n","protected":false},"author":1,"featured_media":0,"parent":0,"menu_order":0,"comment_status":"closed","ping_status":"closed","template":"","meta":{"_et_pb_use_builder":"on","_et_pb_old_content":"","_et_gb_content_width":"","footnotes":""},"yoast_head":"<!-- This site is optimized with the Yoast SEO plugin v20.4 - https:\/\/yoast.com\/wordpress\/plugins\/seo\/ -->\n<title>Mentions l\u00e9gales<\/title>\n<meta name=\"robots\" content=\"index, follow, max-snippet:-1, max-image-preview:large, max-video-preview:-1\" \/>\n<link rel=\"canonical\" href=\"https:\/\/www.plus-de-bulles.com\/blog\/mentions-legales\/\" \/>\n<meta property=\"og:locale\" content=\"fr_FR\" \/>\n<meta property=\"og:type\" content=\"article\" \/>\n<meta property=\"og:title\" content=\"Mentions l\u00e9gales\" \/>\n<meta property=\"og:description\" content=\"MENTIONS L\u00c9GALES &nbsp; Politique de protection de la vie priv\u00e9e &nbsp; Dans le cadre du fonctionnement habituel du site Plus-de-Bulles.com, nous sommes amen\u00e9s \u00e0 stocker des informations n\u00e9cessaires \u00e0 notre relation commerciale avec le client. Ces informations sont d\u00e9crites exhaustivement ici : nous n&#039;enregistrons pas d&#039;information \u00e0 votre insu. Afin de permettre une commande et [&hellip;]\" \/>\n<meta property=\"og:url\" content=\"https:\/\/www.plus-de-bulles.com\/blog\/mentions-legales\/\" \/>\n<meta property=\"og:site_name\" content=\"Les Conseils Plus de Bulles\" \/>\n<meta property=\"article:modified_time\" content=\"2026-02-05T16:29:29+00:00\" \/>\n<meta property=\"og:image\" content=\"https:\/\/www.plus-de-bulles.com\/blog\/wp-content\/uploads\/2024\/10\/logo-pdb-full.png\" \/>\n\t<meta property=\"og:image:width\" content=\"300\" \/>\n\t<meta property=\"og:image:height\" content=\"300\" \/>\n\t<meta property=\"og:image:type\" content=\"image\/png\" \/>\n<meta name=\"twitter:card\" content=\"summary_large_image\" \/>\n<meta name=\"twitter:label1\" content=\"Est. reading time\" \/>\n\t<meta name=\"twitter:data1\" content=\"6 minutes\" \/>\n<script type=\"application\/ld+json\" class=\"yoast-schema-graph\">{\"@context\":\"https:\/\/schema.org\",\"@graph\":[{\"@type\":\"WebPage\",\"@id\":\"https:\/\/www.plus-de-bulles.com\/blog\/mentions-legales\/\",\"url\":\"https:\/\/www.plus-de-bulles.com\/blog\/mentions-legales\/\",\"name\":\"Mentions l\u00e9gales\",\"isPartOf\":{\"@id\":\"https:\/\/www.plus-de-bulles.com\/blog\/#website\"},\"datePublished\":\"2024-02-01T13:54:58+00:00\",\"dateModified\":\"2026-02-05T16:29:29+00:00\",\"breadcrumb\":{\"@id\":\"https:\/\/www.plus-de-bulles.com\/blog\/mentions-legales\/#breadcrumb\"},\"inLanguage\":\"fr-FR\",\"potentialAction\":[{\"@type\":\"ReadAction\",\"target\":[\"https:\/\/www.plus-de-bulles.com\/blog\/mentions-legales\/\"]}]},{\"@type\":\"BreadcrumbList\",\"@id\":\"https:\/\/www.plus-de-bulles.com\/blog\/mentions-legales\/#breadcrumb\",\"itemListElement\":[{\"@type\":\"ListItem\",\"position\":1,\"name\":\"Accueil\",\"item\":\"https:\/\/www.plus-de-bulles.com\/blog\/\"},{\"@type\":\"ListItem\",\"position\":2,\"name\":\"Mentions l\u00e9gales\"}]},{\"@type\":\"WebSite\",\"@id\":\"https:\/\/www.plus-de-bulles.com\/blog\/#website\",\"url\":\"https:\/\/www.plus-de-bulles.com\/blog\/\",\"name\":\"Les Conseils Plus de Bulles\",\"description\":\"Toute l&#039;actualit\u00e9 du champagne\",\"publisher\":{\"@id\":\"https:\/\/www.plus-de-bulles.com\/blog\/#organization\"},\"potentialAction\":[{\"@type\":\"SearchAction\",\"target\":{\"@type\":\"EntryPoint\",\"urlTemplate\":\"https:\/\/www.plus-de-bulles.com\/blog\/?s={search_term_string}\"},\"query-input\":\"required name=search_term_string\"}],\"inLanguage\":\"fr-FR\"},{\"@type\":\"Organization\",\"@id\":\"https:\/\/www.plus-de-bulles.com\/blog\/#organization\",\"name\":\"Plus de Bulles\",\"url\":\"https:\/\/www.plus-de-bulles.com\/blog\/\",\"logo\":{\"@type\":\"ImageObject\",\"inLanguage\":\"fr-FR\",\"@id\":\"https:\/\/www.plus-de-bulles.com\/blog\/#\/schema\/logo\/image\/\",\"url\":\"https:\/\/www.plus-de-bulles.com\/blog\/wp-content\/uploads\/2024\/10\/logo-pdb-full.png\",\"contentUrl\":\"https:\/\/www.plus-de-bulles.com\/blog\/wp-content\/uploads\/2024\/10\/logo-pdb-full.png\",\"width\":300,\"height\":300,\"caption\":\"Plus de Bulles\"},\"image\":{\"@id\":\"https:\/\/www.plus-de-bulles.com\/blog\/#\/schema\/logo\/image\/\"}}]}<\/script>\n<!-- \/ Yoast SEO plugin. -->","yoast_head_json":{"title":"Mentions l\u00e9gales","robots":{"index":"index","follow":"follow","max-snippet":"max-snippet:-1","max-image-preview":"max-image-preview:large","max-video-preview":"max-video-preview:-1"},"canonical":"https:\/\/www.plus-de-bulles.com\/blog\/mentions-legales\/","og_locale":"fr_FR","og_type":"article","og_title":"Mentions l\u00e9gales","og_description":"MENTIONS L\u00c9GALES &nbsp; Politique de protection de la vie priv\u00e9e &nbsp; Dans le cadre du fonctionnement habituel du site Plus-de-Bulles.com, nous sommes amen\u00e9s \u00e0 stocker des informations n\u00e9cessaires \u00e0 notre relation commerciale avec le client. Ces informations sont d\u00e9crites exhaustivement ici : nous n'enregistrons pas d'information \u00e0 votre insu. Afin de permettre une commande et [&hellip;]","og_url":"https:\/\/www.plus-de-bulles.com\/blog\/mentions-legales\/","og_site_name":"Les Conseils Plus de Bulles","article_modified_time":"2026-02-05T16:29:29+00:00","og_image":[{"width":300,"height":300,"url":"https:\/\/www.plus-de-bulles.com\/blog\/wp-content\/uploads\/2024\/10\/logo-pdb-full.png","type":"image\/png"}],"twitter_card":"summary_large_image","twitter_misc":{"Est. reading time":"6 minutes"},"schema":{"@context":"https:\/\/schema.org","@graph":[{"@type":"WebPage","@id":"https:\/\/www.plus-de-bulles.com\/blog\/mentions-legales\/","url":"https:\/\/www.plus-de-bulles.com\/blog\/mentions-legales\/","name":"Mentions l\u00e9gales","isPartOf":{"@id":"https:\/\/www.plus-de-bulles.com\/blog\/#website"},"datePublished":"2024-02-01T13:54:58+00:00","dateModified":"2026-02-05T16:29:29+00:00","breadcrumb":{"@id":"https:\/\/www.plus-de-bulles.com\/blog\/mentions-legales\/#breadcrumb"},"inLanguage":"fr-FR","potentialAction":[{"@type":"ReadAction","target":["https:\/\/www.plus-de-bulles.com\/blog\/mentions-legales\/"]}]},{"@type":"BreadcrumbList","@id":"https:\/\/www.plus-de-bulles.com\/blog\/mentions-legales\/#breadcrumb","itemListElement":[{"@type":"ListItem","position":1,"name":"Accueil","item":"https:\/\/www.plus-de-bulles.com\/blog\/"},{"@type":"ListItem","position":2,"name":"Mentions l\u00e9gales"}]},{"@type":"WebSite","@id":"https:\/\/www.plus-de-bulles.com\/blog\/#website","url":"https:\/\/www.plus-de-bulles.com\/blog\/","name":"Les Conseils Plus de Bulles","description":"Toute l&#039;actualit\u00e9 du champagne","publisher":{"@id":"https:\/\/www.plus-de-bulles.com\/blog\/#organization"},"potentialAction":[{"@type":"SearchAction","target":{"@type":"EntryPoint","urlTemplate":"https:\/\/www.plus-de-bulles.com\/blog\/?s={search_term_string}"},"query-input":"required name=search_term_string"}],"inLanguage":"fr-FR"},{"@type":"Organization","@id":"https:\/\/www.plus-de-bulles.com\/blog\/#organization","name":"Plus de Bulles","url":"https:\/\/www.plus-de-bulles.com\/blog\/","logo":{"@type":"ImageObject","inLanguage":"fr-FR","@id":"https:\/\/www.plus-de-bulles.com\/blog\/#\/schema\/logo\/image\/","url":"https:\/\/www.plus-de-bulles.com\/blog\/wp-content\/uploads\/2024\/10\/logo-pdb-full.png","contentUrl":"https:\/\/www.plus-de-bulles.com\/blog\/wp-content\/uploads\/2024\/10\/logo-pdb-full.png","width":300,"height":300,"caption":"Plus de Bulles"},"image":{"@id":"https:\/\/www.plus-de-bulles.com\/blog\/#\/schema\/logo\/image\/"}}]}},"_links":{"self":[{"href":"https:\/\/www.plus-de-bulles.com\/blog\/wp-json\/wp\/v2\/pages\/22850"}],"collection":[{"href":"https:\/\/www.plus-de-bulles.com\/blog\/wp-json\/wp\/v2\/pages"}],"about":[{"href":"https:\/\/www.plus-de-bulles.com\/blog\/wp-json\/wp\/v2\/types\/page"}],"author":[{"embeddable":true,"href":"https:\/\/www.plus-de-bulles.com\/blog\/wp-json\/wp\/v2\/users\/1"}],"replies":[{"embeddable":true,"href":"https:\/\/www.plus-de-bulles.com\/blog\/wp-json\/wp\/v2\/comments?post=22850"}],"version-history":[{"count":3,"href":"https:\/\/www.plus-de-bulles.com\/blog\/wp-json\/wp\/v2\/pages\/22850\/revisions"}],"predecessor-version":[{"id":23772,"href":"https:\/\/www.plus-de-bulles.com\/blog\/wp-json\/wp\/v2\/pages\/22850\/revisions\/23772"}],"wp:attachment":[{"href":"https:\/\/www.plus-de-bulles.com\/blog\/wp-json\/wp\/v2\/media?parent=22850"}],"curies":[{"name":"wp","href":"https:\/\/api.w.org\/{rel}","templated":true}]}}